{"id":630,"date":"2018-04-27T02:08:41","date_gmt":"2018-04-27T02:08:41","guid":{"rendered":"http:\/\/www.pendflea.com\/new\/mapa-del-mercado\/"},"modified":"2020-12-23T01:21:58","modified_gmt":"2020-12-23T01:21:58","slug":"mapa-del-mercado","status":"publish","type":"page","link":"https:\/\/www.pendflea.com\/es\/mercado\/mapa-del-mercado\/","title":{"rendered":"Mapa del Mercado"},"content":{"rendered":"<p><div class=\"fusion-fullwidth fullwidth-box fusion-builder-row-1 fusion-parallax-none header_image hundred-percent-fullwidth non-hundred-percent-height-scrolling\" style=\"background-color: rgba(255,255,255,0);background-image: url(&quot;http:\/\/www.pendflea.com\/wp-content\/uploads\/2018\/06\/header_img_home_2.jpg&quot;);background-position: center center;background-repeat: no-repeat;padding-top:0px;padding-right:0px;padding-bottom:0px;padding-left:0px;border-width: 0px 0px 0px 0px;border-color:#eae9e9;border-style:solid;-webkit-background-size:cover;-moz-background-size:cover;-o-background-size:cover;background-size:cover;\" ><div class=\"fusion-builder-row fusion-row\"><div class=\"fusion-layout-column fusion_builder_column fusion-builder-column-0 fusion_builder_column_1_6 1_6 fusion-one-sixth fusion-column-first fusion-no-small-visibility\" style=\"width:16.666666666667%;width:calc(16.666666666667% - ( ( 4% + 4% ) * 0.16666666666667 ) );margin-right: 4%;margin-top:0px;margin-bottom:20px;\"><div class=\"fusion-column-wrapper fusion-flex-column-wrapper-legacy\" style=\"background-position:left top;background-repeat:no-repeat;-webkit-background-size:cover;-moz-background-size:cover;-o-background-size:cover;background-size:cover;padding: 0px 0px 0px 0px;\"><div class=\"fusion-clearfix\"><\/div><\/div><\/div><div class=\"fusion-layout-column fusion_builder_column fusion-builder-column-1 fusion_builder_column_2_3 2_3 fusion-two-third\" style=\"width:66.666666666667%;width:calc(66.666666666667% - ( ( 4% + 4% ) * 0.66666666666667 ) );margin-right: 4%;margin-top:0px;margin-bottom:20px;\"><div class=\"fusion-column-wrapper fusion-flex-column-wrapper-legacy\" style=\"background-position:left top;background-repeat:no-repeat;-webkit-background-size:cover;-moz-background-size:cover;-o-background-size:cover;background-size:cover;padding: 0px 0px 0px 0px;\"><div class=\"fusion-text fusion-text-1\"><h1 style=\"text-align: center;\"><span style=\"color: #ffffff;\">Mapa del Mercado<\/span><\/h1>\n<p style=\"text-align: center;\"><span style=\"color: #ffffff;\">La vaquita tiene algo para todos! Contamos con m\u00e1s de 500 proveedores de pa\u00edses de todo el mundo. Nuestros m\u00e1s de 700 espacios de venta incluyen mercader\u00eda nueva y usada, vegetales de temporada, comida reci\u00e9n hecha y mucho m\u00e1s.<\/span><\/p>\n<p style=\"text-align: center;\"><span style=\"color: #ffffff;\">En lugar de visitar 6 lugares, ven a La Vaquita para encontrarlo todo.<\/span><\/p>\n<div class=\"fusion-aligncenter\"><style type=\"text\/css\">.fusion-button.button-1 {border-radius:2px;}<\/style><a class=\"fusion-button button-flat fusion-button-default-size button-default button-1 fusion-button-default-span fusion-button-default-type\" target=\"_self\" href=\"#intro\"><span class=\"fusion-button-text\">Ver el mapa<br \/><\/span><\/a><\/div>\n<\/div><div class=\"fusion-sep-clear\"><\/div><div class=\"fusion-separator fusion-full-width-sep\" style=\"margin-left: auto;margin-right: auto;margin-bottom:40px;width:100%;\"><\/div><div class=\"fusion-sep-clear\"><\/div><div class=\"fusion-fa-align-center\"><i class=\"fb-icon-element-1 fb-icon-element fontawesome-icon fa-chevron-down fas circle-no\" style=\"font-size:60px;\"><\/i><\/div><style>i.fb-icon-element.fontawesome-icon.fb-icon-element-1{ color: #ffffff;}i.fb-icon-element.fontawesome-icon.fb-icon-element-1:hover { color: #ffffff;}<\/style><div class=\"fusion-clearfix\"><\/div><\/div><\/div><div class=\"fusion-layout-column fusion_builder_column fusion-builder-column-2 fusion_builder_column_1_6 1_6 fusion-one-sixth fusion-column-last fusion-no-small-visibility\" style=\"width:16.666666666667%;width:calc(16.666666666667% - ( ( 4% + 4% ) * 0.16666666666667 ) );margin-top:0px;margin-bottom:20px;\"><div class=\"fusion-column-wrapper fusion-flex-column-wrapper-legacy\" style=\"background-position:left top;background-repeat:no-repeat;-webkit-background-size:cover;-moz-background-size:cover;-o-background-size:cover;background-size:cover;padding: 0px 0px 0px 0px;\"><div class=\"fusion-clearfix\"><\/div><\/div><\/div><\/div><\/div><div id=\"intro\"><div class=\"fusion-fullwidth fullwidth-box fusion-builder-row-2 fusion-parallax-none hundred-percent-fullwidth non-hundred-percent-height-scrolling\" style=\"background-color: rgba(255,255,255,0);background-image: url(&quot;http:\/\/www.pendflea.com\/new\/wp-content\/uploads\/2018\/03\/gradient_white_10x210.png&quot;);background-position: left top;background-repeat: repeat-x;padding-top:0px;padding-right:0px;padding-bottom:0px;padding-left:0px;margin-bottom: 0px;margin-top: 0px;border-width: 0px 0px 0px 0px;border-color:#eae9e9;border-style:solid;\" ><div class=\"fusion-builder-row fusion-row\"><div class=\"fusion-layout-column fusion_builder_column fusion-builder-column-3 fusion_builder_column_1_6 1_6 fusion-one-sixth fusion-column-first fusion-no-small-visibility\" style=\"width:16.666666666667%;width:calc(16.666666666667% - ( ( 4% + 4% ) * 0.16666666666667 ) );margin-right: 4%;margin-top:0px;margin-bottom:20px;\"><div class=\"fusion-column-wrapper fusion-flex-column-wrapper-legacy\" style=\"background-position:left top;background-repeat:no-repeat;-webkit-background-size:cover;-moz-background-size:cover;-o-background-size:cover;background-size:cover;padding: 0px 0px 0px 0px;\"><div class=\"fusion-clearfix\"><\/div><\/div><\/div><div class=\"fusion-layout-column fusion_builder_column fusion-builder-column-4 fusion_builder_column_2_3 2_3 fusion-two-third\" style=\"width:66.666666666667%;width:calc(66.666666666667% - ( ( 4% + 4% ) * 0.66666666666667 ) );margin-right: 4%;margin-top:0px;margin-bottom:20px;\"><div class=\"fusion-column-wrapper fusion-flex-column-wrapper-legacy\" style=\"background-image: url(&#039;http:\/\/www.pendflea.com\/new\/wp-content\/uploads\/2018\/03\/gradient_white.png&#039;);background-position:left top;background-repeat:repeat-x;padding: 80px 30px 0px 30px;\" data-bg-url=\"http:\/\/www.pendflea.com\/new\/wp-content\/uploads\/2018\/03\/gradient_white.png\"><style type=\"text\/css\"><\/style><div class=\"fusion-title title fusion-title-1 fusion-sep-none fusion-title-center fusion-title-text fusion-title-size-two\" style=\"margin-top:0px;margin-right:0px;margin-bottom:31px;margin-left:0px;\"><h2 class=\"title-heading-center fusion-responsive-typography-calculated\" style=\"margin:0;--fontSize:40;line-height:1.3;\">Aprende mas sobre nuestro mapa y como hubicarte en el mercado.<\/h2><\/div><div class=\"fusion-sep-clear\"><\/div><div class=\"fusion-separator\" style=\"margin-left: auto;margin-right: auto;margin-bottom:30px;width:100%;max-width:25%;\"><div class=\"fusion-separator-border sep-single sep-solid\" style=\"border-color:#333333;border-top-width:1px;\"><\/div><\/div><div class=\"fusion-sep-clear\"><\/div><div class=\"fusion-text fusion-text-2\"><p style=\"text-align: center;\">Caminar La Vaquita sin perderse es f\u00e1cil. Nuestro corredor norte y sur, conocido cari\u00f1osamente como Main Street, corre a lo largo del mercado. Fuera de Main Street, cruzar\u00e1 cinco edificios largos que van de este a oeste y que albergan a la mayor\u00eda de locales de nuestros vendedores.<\/p>\n<p style=\"text-align: center;\">Comenzando en la entrada principal, primero encontrar\u00e1 las Avenidas 7 y 8 a su izquierda y derecha. Continuando por Main Street encontrara las otras avenidas hasta llegar a la parte trasera del mercado donde encontrara la 1 Avenina, al frente de esta podra encontrar la plazoleta de comidas.<\/p>\n<\/div><div class=\"fusion-clearfix\"><\/div><\/div><\/div><div class=\"fusion-layout-column fusion_builder_column fusion-builder-column-5 fusion_builder_column_1_6 1_6 fusion-one-sixth fusion-column-last fusion-no-small-visibility\" style=\"width:16.666666666667%;width:calc(16.666666666667% - ( ( 4% + 4% ) * 0.16666666666667 ) );margin-top:0px;margin-bottom:20px;\"><div class=\"fusion-column-wrapper fusion-flex-column-wrapper-legacy\" style=\"background-position:left top;background-repeat:no-repeat;-webkit-background-size:cover;-moz-background-size:cover;-o-background-size:cover;background-size:cover;padding: 0px 0px 0px 0px;\"><div class=\"fusion-clearfix\"><\/div><\/div><\/div><div class=\"fusion-layout-column fusion_builder_column fusion-builder-column-6 fusion_builder_column_1_1 1_1 fusion-one-full fusion-column-first fusion-column-last\" style=\"margin-top:0px;margin-bottom:20px;\"><div class=\"fusion-column-wrapper fusion-flex-column-wrapper-legacy\" style=\"background-position:left top;background-repeat:no-repeat;-webkit-background-size:cover;-moz-background-size:cover;-o-background-size:cover;background-size:cover;padding: 0px 0px 0px 0px;\"><div class=\"imageframe-align-center\"><span class=\" fusion-imageframe imageframe-none imageframe-1 hover-type-none\"><img data-recalc-dims=\"1\" decoding=\"async\" width=\"1024\" height=\"744\" alt=\"Map of the Market\" title=\"map_of_market\" src=\"https:\/\/i0.wp.com\/www.pendflea.com\/wp-content\/uploads\/2018\/03\/map_of_market.png?resize=1024%2C744&#038;ssl=1\" class=\"img-responsive wp-image-984\" srcset=\"https:\/\/i0.wp.com\/www.pendflea.com\/wp-content\/uploads\/2018\/03\/map_of_market.png?resize=200%2C145&amp;ssl=1 200w, https:\/\/i0.wp.com\/www.pendflea.com\/wp-content\/uploads\/2018\/03\/map_of_market.png?resize=300%2C218&amp;ssl=1 300w, https:\/\/i0.wp.com\/www.pendflea.com\/wp-content\/uploads\/2018\/03\/map_of_market.png?resize=400%2C291&amp;ssl=1 400w, https:\/\/i0.wp.com\/www.pendflea.com\/wp-content\/uploads\/2018\/03\/map_of_market.png?resize=600%2C436&amp;ssl=1 600w, https:\/\/i0.wp.com\/www.pendflea.com\/wp-content\/uploads\/2018\/03\/map_of_market.png?resize=768%2C558&amp;ssl=1 768w, https:\/\/i0.wp.com\/www.pendflea.com\/wp-content\/uploads\/2018\/03\/map_of_market.png?resize=800%2C581&amp;ssl=1 800w, https:\/\/i0.wp.com\/www.pendflea.com\/wp-content\/uploads\/2018\/03\/map_of_market.png?resize=1024%2C744&amp;ssl=1 1024w, https:\/\/i0.wp.com\/www.pendflea.com\/wp-content\/uploads\/2018\/03\/map_of_market.png?resize=1200%2C872&amp;ssl=1 1200w, https:\/\/i0.wp.com\/www.pendflea.com\/wp-content\/uploads\/2018\/03\/map_of_market.png?w=1292&amp;ssl=1 1292w\" sizes=\"(max-width: 800px) 100vw, 1200px\" \/><\/span><\/div><div class=\"fusion-clearfix\"><\/div><\/div><\/div><\/div><\/div><\/div><\/p>\n","protected":false},"excerpt":{"rendered":"","protected":false},"author":2,"featured_media":0,"parent":744,"menu_order":0,"comment_status":"closed","ping_status":"closed","template":"100-width.php","meta":{"jetpack_post_was_ever_published":false,"footnotes":""},"class_list":["post-630","page","type-page","status-publish","hentry"],"yoast_head":"<!-- This site is optimized with the Yoast SEO plugin v27.4 - https:\/\/yoast.com\/product\/yoast-seo-wordpress\/ -->\n<title>Mapa del Mercado - La Vaquita Flea Market<\/title>\n<meta name=\"robots\" content=\"index, follow, max-snippet:-1, max-image-preview:large, max-video-preview:-1\" \/>\n<link rel=\"canonical\" href=\"https:\/\/www.pendflea.com\/es\/mercado\/mapa-del-mercado\/\" \/>\n<meta property=\"og:locale\" content=\"es_ES\" \/>\n<meta property=\"og:type\" content=\"article\" \/>\n<meta property=\"og:title\" content=\"Mapa del Mercado - La Vaquita Flea Market\" \/>\n<meta property=\"og:url\" content=\"https:\/\/www.pendflea.com\/es\/mercado\/mapa-del-mercado\/\" \/>\n<meta property=\"og:site_name\" content=\"La Vaquita Flea Market\" \/>\n<meta property=\"article:publisher\" content=\"https:\/\/www.facebook.com\/pendflea\" \/>\n<meta property=\"article:modified_time\" content=\"2020-12-23T01:21:58+00:00\" \/>\n<meta property=\"og:image\" content=\"https:\/\/i0.wp.com\/www.pendflea.com\/wp-content\/uploads\/2018\/06\/pfm-preview.jpg?fit=1200%2C630&ssl=1\" \/>\n\t<meta property=\"og:image:width\" content=\"1200\" \/>\n\t<meta property=\"og:image:height\" content=\"630\" \/>\n\t<meta property=\"og:image:type\" content=\"image\/jpeg\" \/>\n<meta name=\"twitter:card\" content=\"summary_large_image\" \/>\n<meta name=\"twitter:label1\" content=\"Tiempo de lectura\" \/>\n\t<meta name=\"twitter:data1\" content=\"10 minutos\" \/>\n<script type=\"application\/ld+json\" class=\"yoast-schema-graph\">{\"@context\":\"https:\\\/\\\/schema.org\",\"@graph\":[{\"@type\":\"WebPage\",\"@id\":\"https:\\\/\\\/www.pendflea.com\\\/es\\\/mercado\\\/mapa-del-mercado\\\/\",\"url\":\"https:\\\/\\\/www.pendflea.com\\\/es\\\/mercado\\\/mapa-del-mercado\\\/\",\"name\":\"Mapa del Mercado - La Vaquita Flea Market\",\"isPartOf\":{\"@id\":\"https:\\\/\\\/www.pendflea.com\\\/#website\"},\"datePublished\":\"2018-04-27T02:08:41+00:00\",\"dateModified\":\"2020-12-23T01:21:58+00:00\",\"breadcrumb\":{\"@id\":\"https:\\\/\\\/www.pendflea.com\\\/es\\\/mercado\\\/mapa-del-mercado\\\/#breadcrumb\"},\"inLanguage\":\"es\",\"potentialAction\":[{\"@type\":\"ReadAction\",\"target\":[\"https:\\\/\\\/www.pendflea.com\\\/es\\\/mercado\\\/mapa-del-mercado\\\/\"]}]},{\"@type\":\"BreadcrumbList\",\"@id\":\"https:\\\/\\\/www.pendflea.com\\\/es\\\/mercado\\\/mapa-del-mercado\\\/#breadcrumb\",\"itemListElement\":[{\"@type\":\"ListItem\",\"position\":1,\"name\":\"Home\",\"item\":\"https:\\\/\\\/www.pendflea.com\\\/es\\\/\"},{\"@type\":\"ListItem\",\"position\":2,\"name\":\"Mercado\",\"item\":\"https:\\\/\\\/www.pendflea.com\\\/es\\\/mercado\\\/\"},{\"@type\":\"ListItem\",\"position\":3,\"name\":\"Mapa del Mercado\"}]},{\"@type\":\"WebSite\",\"@id\":\"https:\\\/\\\/www.pendflea.com\\\/#website\",\"url\":\"https:\\\/\\\/www.pendflea.com\\\/\",\"name\":\"La Vaquita Flea Market\",\"description\":\"USA&#039;s Largest Indoor Flea Market\",\"potentialAction\":[{\"@type\":\"SearchAction\",\"target\":{\"@type\":\"EntryPoint\",\"urlTemplate\":\"https:\\\/\\\/www.pendflea.com\\\/?s={search_term_string}\"},\"query-input\":{\"@type\":\"PropertyValueSpecification\",\"valueRequired\":true,\"valueName\":\"search_term_string\"}}],\"inLanguage\":\"es\"}]}<\/script>\n<!-- \/ Yoast SEO plugin. -->","yoast_head_json":{"title":"Mapa del Mercado - La Vaquita Flea Market","robots":{"index":"index","follow":"follow","max-snippet":"max-snippet:-1","max-image-preview":"max-image-preview:large","max-video-preview":"max-video-preview:-1"},"canonical":"https:\/\/www.pendflea.com\/es\/mercado\/mapa-del-mercado\/","og_locale":"es_ES","og_type":"article","og_title":"Mapa del Mercado - La Vaquita Flea Market","og_url":"https:\/\/www.pendflea.com\/es\/mercado\/mapa-del-mercado\/","og_site_name":"La Vaquita Flea Market","article_publisher":"https:\/\/www.facebook.com\/pendflea","article_modified_time":"2020-12-23T01:21:58+00:00","og_image":[{"width":1200,"height":630,"url":"https:\/\/i0.wp.com\/www.pendflea.com\/wp-content\/uploads\/2018\/06\/pfm-preview.jpg?fit=1200%2C630&ssl=1","type":"image\/jpeg"}],"twitter_card":"summary_large_image","twitter_misc":{"Tiempo de lectura":"10 minutos"},"schema":{"@context":"https:\/\/schema.org","@graph":[{"@type":"WebPage","@id":"https:\/\/www.pendflea.com\/es\/mercado\/mapa-del-mercado\/","url":"https:\/\/www.pendflea.com\/es\/mercado\/mapa-del-mercado\/","name":"Mapa del Mercado - La Vaquita Flea Market","isPartOf":{"@id":"https:\/\/www.pendflea.com\/#website"},"datePublished":"2018-04-27T02:08:41+00:00","dateModified":"2020-12-23T01:21:58+00:00","breadcrumb":{"@id":"https:\/\/www.pendflea.com\/es\/mercado\/mapa-del-mercado\/#breadcrumb"},"inLanguage":"es","potentialAction":[{"@type":"ReadAction","target":["https:\/\/www.pendflea.com\/es\/mercado\/mapa-del-mercado\/"]}]},{"@type":"BreadcrumbList","@id":"https:\/\/www.pendflea.com\/es\/mercado\/mapa-del-mercado\/#breadcrumb","itemListElement":[{"@type":"ListItem","position":1,"name":"Home","item":"https:\/\/www.pendflea.com\/es\/"},{"@type":"ListItem","position":2,"name":"Mercado","item":"https:\/\/www.pendflea.com\/es\/mercado\/"},{"@type":"ListItem","position":3,"name":"Mapa del Mercado"}]},{"@type":"WebSite","@id":"https:\/\/www.pendflea.com\/#website","url":"https:\/\/www.pendflea.com\/","name":"La Vaquita Flea Market","description":"USA&#039;s Largest Indoor Flea Market","potentialAction":[{"@type":"SearchAction","target":{"@type":"EntryPoint","urlTemplate":"https:\/\/www.pendflea.com\/?s={search_term_string}"},"query-input":{"@type":"PropertyValueSpecification","valueRequired":true,"valueName":"search_term_string"}}],"inLanguage":"es"}]}},"jetpack_sharing_enabled":true,"jetpack_shortlink":"https:\/\/wp.me\/P9Zx2w-aa","_links":{"self":[{"href":"https:\/\/www.pendflea.com\/es\/wp-json\/wp\/v2\/pages\/630","targetHints":{"allow":["GET"]}}],"collection":[{"href":"https:\/\/www.pendflea.com\/es\/wp-json\/wp\/v2\/pages"}],"about":[{"href":"https:\/\/www.pendflea.com\/es\/wp-json\/wp\/v2\/types\/page"}],"author":[{"embeddable":true,"href":"https:\/\/www.pendflea.com\/es\/wp-json\/wp\/v2\/users\/2"}],"replies":[{"embeddable":true,"href":"https:\/\/www.pendflea.com\/es\/wp-json\/wp\/v2\/comments?post=630"}],"version-history":[{"count":5,"href":"https:\/\/www.pendflea.com\/es\/wp-json\/wp\/v2\/pages\/630\/revisions"}],"predecessor-version":[{"id":7053,"href":"https:\/\/www.pendflea.com\/es\/wp-json\/wp\/v2\/pages\/630\/revisions\/7053"}],"up":[{"embeddable":true,"href":"https:\/\/www.pendflea.com\/es\/wp-json\/wp\/v2\/pages\/744"}],"wp:attachment":[{"href":"https:\/\/www.pendflea.com\/es\/wp-json\/wp\/v2\/media?parent=630"}],"curies":[{"name":"wp","href":"https:\/\/api.w.org\/{rel}","templated":true}]}}