{"id":662,"date":"2018-04-27T20:15:43","date_gmt":"2018-04-27T20:15:43","guid":{"rendered":"http:\/\/www.pendflea.com\/new\/eventos\/"},"modified":"2021-01-04T23:53:08","modified_gmt":"2021-01-04T23:53:08","slug":"eventos","status":"publish","type":"page","link":"https:\/\/www.pendflea.com\/es\/eventos\/","title":{"rendered":"Eventos"},"content":{"rendered":"<p><div class=\"fusion-fullwidth fullwidth-box fusion-builder-row-1 fusion-parallax-none header_image hundred-percent-fullwidth non-hundred-percent-height-scrolling\" style=\"background-color: rgba(255,255,255,0);background-image: url(&quot;http:\/\/www.pendflea.com\/wp-content\/uploads\/2018\/05\/header_img_events_dresses.jpg&quot;);background-position: center center;background-repeat: no-repeat;padding-top:0px;padding-right:0px;padding-bottom:0px;padding-left:0px;border-width: 0px 0px 0px 0px;border-color:#eae9e9;border-style:solid;-webkit-background-size:cover;-moz-background-size:cover;-o-background-size:cover;background-size:cover;\" ><div class=\"fusion-builder-row fusion-row\"><div class=\"fusion-layout-column fusion_builder_column fusion-builder-column-0 fusion_builder_column_1_6 1_6 fusion-one-sixth fusion-column-first fusion-no-small-visibility\" style=\"width:16.666666666667%;width:calc(16.666666666667% - ( ( 4% + 4% ) * 0.16666666666667 ) );margin-right: 4%;margin-top:0px;margin-bottom:20px;\"><div class=\"fusion-column-wrapper fusion-flex-column-wrapper-legacy\" style=\"background-position:left top;background-repeat:no-repeat;-webkit-background-size:cover;-moz-background-size:cover;-o-background-size:cover;background-size:cover;padding: 0px 0px 0px 0px;\"><div class=\"fusion-clearfix\"><\/div><\/div><\/div><div class=\"fusion-layout-column fusion_builder_column fusion-builder-column-1 fusion_builder_column_2_3 2_3 fusion-two-third\" style=\"width:66.666666666667%;width:calc(66.666666666667% - ( ( 4% + 4% ) * 0.66666666666667 ) );margin-right: 4%;margin-top:0px;margin-bottom:20px;\"><div class=\"fusion-column-wrapper fusion-flex-column-wrapper-legacy\" style=\"background-position:left top;background-repeat:no-repeat;-webkit-background-size:cover;-moz-background-size:cover;-o-background-size:cover;background-size:cover;padding: 0px 0px 0px 0px;\"><div class=\"fusion-text fusion-text-1\"><h1 style=\"text-align: center;\"><span style=\"color: #ffffff;\">Eventos<\/span><\/h1>\n<p style=\"text-align: center;\"><span style=\"color: #ffffff;\">Todos los meses tenemos eventos familiares para disfrutar en La Vaquita. Tenemos m\u00fasica en vivo, actividades para ni\u00f1os, celebraciones navide\u00f1as y mucho m\u00e1s. Vea nuestros \u00faltimos eventos a continuaci\u00f3n.<\/span><\/p>\n<div class=\"fusion-aligncenter\"><style type=\"text\/css\">.fusion-button.button-1 {border-radius:2px;}<\/style><a class=\"fusion-button button-flat fusion-button-default-size button-default button-1 fusion-button-default-span fusion-button-default-type\" target=\"_self\" href=\"#calendario-de-eventos\"><span class=\"fusion-button-text\">Ver pr\u00f3ximos eventos a continuaci\u00f3n<\/span><\/a><\/div>\n<\/div><div class=\"fusion-sep-clear\"><\/div><div class=\"fusion-separator fusion-full-width-sep\" style=\"margin-left: auto;margin-right: auto;margin-bottom:40px;width:100%;\"><\/div><div class=\"fusion-sep-clear\"><\/div><div class=\"fusion-fa-align-center\"><i class=\"fb-icon-element-1 fb-icon-element fontawesome-icon fa-chevron-down fas circle-no\" style=\"font-size:60px;\"><\/i><\/div><style>i.fb-icon-element.fontawesome-icon.fb-icon-element-1{ color: #ffffff;}i.fb-icon-element.fontawesome-icon.fb-icon-element-1:hover { color: #ffffff;}<\/style><div class=\"fusion-clearfix\"><\/div><\/div><\/div><div class=\"fusion-layout-column fusion_builder_column fusion-builder-column-2 fusion_builder_column_1_6 1_6 fusion-one-sixth fusion-column-last fusion-no-small-visibility\" style=\"width:16.666666666667%;width:calc(16.666666666667% - ( ( 4% + 4% ) * 0.16666666666667 ) );margin-top:0px;margin-bottom:20px;\"><div class=\"fusion-column-wrapper fusion-flex-column-wrapper-legacy\" style=\"background-position:left top;background-repeat:no-repeat;-webkit-background-size:cover;-moz-background-size:cover;-o-background-size:cover;background-size:cover;padding: 0px 0px 0px 0px;\"><div class=\"fusion-clearfix\"><\/div><\/div><\/div><\/div><\/div><div id=\"calendario-de-eventos\"><div class=\"fusion-fullwidth fullwidth-box fusion-builder-row-2 fusion-parallax-none nonhundred-percent-fullwidth non-hundred-percent-height-scrolling\" style=\"background-color: rgba(255,255,255,0);background-image: url(&quot;http:\/\/www.pendflea.com\/wp-content\/uploads\/2018\/03\/gradient_white_10x210.png&quot;);background-position: left top;background-repeat: repeat-x;padding-top:0px;padding-right:0px;padding-bottom:0px;padding-left:0px;margin-bottom: 0px;margin-top: 0px;border-width: 0px 0px 0px 0px;border-color:#eae9e9;border-style:solid;\" ><div class=\"fusion-builder-row fusion-row\"><div class=\"fusion-layout-column fusion_builder_column fusion-builder-column-3 fusion_builder_column_1_1 1_1 fusion-one-full fusion-column-first fusion-column-last\" style=\"margin-top:0px;margin-bottom:20px;\"><div class=\"fusion-column-wrapper fusion-flex-column-wrapper-legacy\" style=\"background-position:left top;background-repeat:repeat-x;padding: 80px 30px 0px 30px;\"><style type=\"text\/css\"><\/style><div class=\"fusion-title title fusion-title-1 fusion-sep-none fusion-title-center fusion-title-text fusion-title-size-two\" style=\"margin-top:0px;margin-right:0px;margin-bottom:31px;margin-left:0px;\"><h2 class=\"title-heading-center fusion-responsive-typography-calculated\" style=\"margin:0;--fontSize:40;line-height:1.3;\">Eventos en el Mercado<\/h2><\/div><div class=\"fusion-sep-clear\"><\/div><div class=\"fusion-separator\" style=\"margin-left: auto;margin-right: auto;margin-bottom:30px;width:100%;max-width:25%;\"><div class=\"fusion-separator-border sep-single sep-solid\" style=\"border-color:#333333;border-top-width:1px;\"><\/div><\/div><div class=\"fusion-sep-clear\"><\/div><div class=\"fusion-sep-clear\"><\/div><div class=\"fusion-separator fusion-full-width-sep\" style=\"margin-left: auto;margin-right: auto;margin-top:30px;width:100%;\"><\/div><div class=\"fusion-sep-clear\"><\/div><div class=\"fusion-clearfix\"><\/div><\/div><\/div><\/div><\/div><\/div><div id=\"su-evento\"><div class=\"fusion-fullwidth fullwidth-box fusion-builder-row-3 fusion-parallax-none nonhundred-percent-fullwidth non-hundred-percent-height-scrolling\" style=\"background-color: rgba(255,255,255,0);background-image: url(&quot;http:\/\/www.pendflea.com\/wp-content\/uploads\/2018\/03\/bg_mexican_hat_section.jpg&quot;);background-position: center center;background-repeat: no-repeat;padding-top:90px;padding-right:0px;padding-bottom:60px;padding-left:0px;margin-bottom: 15px;margin-top: 60px;border-width: 0px 0px 0px 0px;border-color:#eae9e9;border-style:solid;-webkit-background-size:cover;-moz-background-size:cover;-o-background-size:cover;background-size:cover;\" ><div class=\"fusion-builder-row fusion-row\"><div class=\"fusion-layout-column fusion_builder_column fusion-builder-column-4 fusion_builder_column_1_1 1_1 fusion-one-full fusion-column-first fusion-column-last\" style=\"margin-top:0px;margin-bottom:20px;\"><div class=\"fusion-column-wrapper fusion-flex-column-wrapper-legacy\" style=\"background-position:left top;background-repeat:no-repeat;-webkit-background-size:cover;-moz-background-size:cover;-o-background-size:cover;background-size:cover;background-color:rgba(255,255,255,0.75);padding: 60px 60px 60px 60px;\"><div class=\"fusion-text fusion-text-2\"><h3 style=\"text-align: center;\">Celebra tus Fechas especiales aqu\u00ed<\/h3>\n<p style=\"text-align: center;\">Nos encantar\u00eda poder tener su pr\u00f3ximo evento aqu\u00ed en La Vaquita Flea Market! Las fiestas de cumplea\u00f1os encajan perfectamente con todas nuestras actividades. P\u00f3ngase en contacto ahora para hablar sobre la celebraci\u00f3n y empezar a organizar su fiesta con nosotros.<\/p>\n<\/div><div class=\"fusion-aligncenter\"><style type=\"text\/css\">.fusion-button.button-2 {border-radius:2px;}<\/style><a class=\"fusion-button button-flat fusion-button-default-size button-default button-2 fusion-button-default-span fusion-button-default-type\" target=\"_self\" href=\"http:\/\/www.pendflea.com\/es\/sobre-nosotros\/#contactform\"><span class=\"fusion-button-text\">Cont\u00e1ctenos<\/span><\/a><\/div><div class=\"fusion-clearfix\"><\/div><\/div><\/div><\/div><\/div><\/div><\/p>\n","protected":false},"excerpt":{"rendered":"","protected":false},"author":2,"featured_media":0,"parent":0,"menu_order":0,"comment_status":"closed","ping_status":"closed","template":"100-width.php","meta":{"jetpack_post_was_ever_published":false,"footnotes":""},"class_list":["post-662","page","type-page","status-publish","hentry"],"yoast_head":"<!-- This site is optimized with the Yoast SEO plugin v27.4 - https:\/\/yoast.com\/product\/yoast-seo-wordpress\/ -->\n<title>Eventos - La Vaquita Flea Market<\/title>\n<meta name=\"robots\" content=\"index, follow, max-snippet:-1, max-image-preview:large, max-video-preview:-1\" \/>\n<link rel=\"canonical\" href=\"https:\/\/www.pendflea.com\/es\/eventos\/\" \/>\n<meta property=\"og:locale\" content=\"es_ES\" \/>\n<meta property=\"og:type\" content=\"article\" \/>\n<meta property=\"og:title\" content=\"Eventos - La Vaquita Flea Market\" \/>\n<meta property=\"og:url\" content=\"https:\/\/www.pendflea.com\/es\/eventos\/\" \/>\n<meta property=\"og:site_name\" content=\"La Vaquita Flea Market\" \/>\n<meta property=\"article:publisher\" content=\"https:\/\/www.facebook.com\/pendflea\" \/>\n<meta property=\"article:modified_time\" content=\"2021-01-04T23:53:08+00:00\" \/>\n<meta property=\"og:image\" content=\"https:\/\/i0.wp.com\/www.pendflea.com\/wp-content\/uploads\/2018\/06\/pfm-preview.jpg?fit=1200%2C630&ssl=1\" \/>\n\t<meta property=\"og:image:width\" content=\"1200\" \/>\n\t<meta property=\"og:image:height\" content=\"630\" \/>\n\t<meta property=\"og:image:type\" content=\"image\/jpeg\" \/>\n<meta name=\"twitter:card\" content=\"summary_large_image\" \/>\n<meta name=\"twitter:label1\" content=\"Tiempo de lectura\" \/>\n\t<meta name=\"twitter:data1\" content=\"7 minutos\" \/>\n<script type=\"application\/ld+json\" class=\"yoast-schema-graph\">{\"@context\":\"https:\\\/\\\/schema.org\",\"@graph\":[{\"@type\":\"WebPage\",\"@id\":\"https:\\\/\\\/www.pendflea.com\\\/es\\\/eventos\\\/\",\"url\":\"https:\\\/\\\/www.pendflea.com\\\/es\\\/eventos\\\/\",\"name\":\"Eventos - La Vaquita Flea Market\",\"isPartOf\":{\"@id\":\"https:\\\/\\\/www.pendflea.com\\\/#website\"},\"datePublished\":\"2018-04-27T20:15:43+00:00\",\"dateModified\":\"2021-01-04T23:53:08+00:00\",\"breadcrumb\":{\"@id\":\"https:\\\/\\\/www.pendflea.com\\\/es\\\/eventos\\\/#breadcrumb\"},\"inLanguage\":\"es\",\"potentialAction\":[{\"@type\":\"ReadAction\",\"target\":[\"https:\\\/\\\/www.pendflea.com\\\/es\\\/eventos\\\/\"]}]},{\"@type\":\"BreadcrumbList\",\"@id\":\"https:\\\/\\\/www.pendflea.com\\\/es\\\/eventos\\\/#breadcrumb\",\"itemListElement\":[{\"@type\":\"ListItem\",\"position\":1,\"name\":\"Home\",\"item\":\"https:\\\/\\\/www.pendflea.com\\\/es\\\/\"},{\"@type\":\"ListItem\",\"position\":2,\"name\":\"Eventos\"}]},{\"@type\":\"WebSite\",\"@id\":\"https:\\\/\\\/www.pendflea.com\\\/#website\",\"url\":\"https:\\\/\\\/www.pendflea.com\\\/\",\"name\":\"La Vaquita Flea Market\",\"description\":\"USA&#039;s Largest Indoor Flea Market\",\"potentialAction\":[{\"@type\":\"SearchAction\",\"target\":{\"@type\":\"EntryPoint\",\"urlTemplate\":\"https:\\\/\\\/www.pendflea.com\\\/?s={search_term_string}\"},\"query-input\":{\"@type\":\"PropertyValueSpecification\",\"valueRequired\":true,\"valueName\":\"search_term_string\"}}],\"inLanguage\":\"es\"}]}<\/script>\n<!-- \/ Yoast SEO plugin. -->","yoast_head_json":{"title":"Eventos - La Vaquita Flea Market","robots":{"index":"index","follow":"follow","max-snippet":"max-snippet:-1","max-image-preview":"max-image-preview:large","max-video-preview":"max-video-preview:-1"},"canonical":"https:\/\/www.pendflea.com\/es\/eventos\/","og_locale":"es_ES","og_type":"article","og_title":"Eventos - La Vaquita Flea Market","og_url":"https:\/\/www.pendflea.com\/es\/eventos\/","og_site_name":"La Vaquita Flea Market","article_publisher":"https:\/\/www.facebook.com\/pendflea","article_modified_time":"2021-01-04T23:53:08+00:00","og_image":[{"width":1200,"height":630,"url":"https:\/\/i0.wp.com\/www.pendflea.com\/wp-content\/uploads\/2018\/06\/pfm-preview.jpg?fit=1200%2C630&ssl=1","type":"image\/jpeg"}],"twitter_card":"summary_large_image","twitter_misc":{"Tiempo de lectura":"7 minutos"},"schema":{"@context":"https:\/\/schema.org","@graph":[{"@type":"WebPage","@id":"https:\/\/www.pendflea.com\/es\/eventos\/","url":"https:\/\/www.pendflea.com\/es\/eventos\/","name":"Eventos - La Vaquita Flea Market","isPartOf":{"@id":"https:\/\/www.pendflea.com\/#website"},"datePublished":"2018-04-27T20:15:43+00:00","dateModified":"2021-01-04T23:53:08+00:00","breadcrumb":{"@id":"https:\/\/www.pendflea.com\/es\/eventos\/#breadcrumb"},"inLanguage":"es","potentialAction":[{"@type":"ReadAction","target":["https:\/\/www.pendflea.com\/es\/eventos\/"]}]},{"@type":"BreadcrumbList","@id":"https:\/\/www.pendflea.com\/es\/eventos\/#breadcrumb","itemListElement":[{"@type":"ListItem","position":1,"name":"Home","item":"https:\/\/www.pendflea.com\/es\/"},{"@type":"ListItem","position":2,"name":"Eventos"}]},{"@type":"WebSite","@id":"https:\/\/www.pendflea.com\/#website","url":"https:\/\/www.pendflea.com\/","name":"La Vaquita Flea Market","description":"USA&#039;s Largest Indoor Flea Market","potentialAction":[{"@type":"SearchAction","target":{"@type":"EntryPoint","urlTemplate":"https:\/\/www.pendflea.com\/?s={search_term_string}"},"query-input":{"@type":"PropertyValueSpecification","valueRequired":true,"valueName":"search_term_string"}}],"inLanguage":"es"}]}},"jetpack_sharing_enabled":true,"jetpack_shortlink":"https:\/\/wp.me\/P9Zx2w-aG","_links":{"self":[{"href":"https:\/\/www.pendflea.com\/es\/wp-json\/wp\/v2\/pages\/662","targetHints":{"allow":["GET"]}}],"collection":[{"href":"https:\/\/www.pendflea.com\/es\/wp-json\/wp\/v2\/pages"}],"about":[{"href":"https:\/\/www.pendflea.com\/es\/wp-json\/wp\/v2\/types\/page"}],"author":[{"embeddable":true,"href":"https:\/\/www.pendflea.com\/es\/wp-json\/wp\/v2\/users\/2"}],"replies":[{"embeddable":true,"href":"https:\/\/www.pendflea.com\/es\/wp-json\/wp\/v2\/comments?post=662"}],"version-history":[{"count":6,"href":"https:\/\/www.pendflea.com\/es\/wp-json\/wp\/v2\/pages\/662\/revisions"}],"predecessor-version":[{"id":7073,"href":"https:\/\/www.pendflea.com\/es\/wp-json\/wp\/v2\/pages\/662\/revisions\/7073"}],"wp:attachment":[{"href":"https:\/\/www.pendflea.com\/es\/wp-json\/wp\/v2\/media?parent=662"}],"curies":[{"name":"wp","href":"https:\/\/api.w.org\/{rel}","templated":true}]}}